{"id":3,"date":"2023-07-25T11:03:40","date_gmt":"2023-07-25T08:03:40","guid":{"rendered":"https:\/\/anfra-aidat.fi\/?page_id=3"},"modified":"2024-05-08T16:01:07","modified_gmt":"2024-05-08T13:01:07","slug":"privacy-policy","status":"publish","type":"page","link":"https:\/\/anfra-aidat.fi\/en\/tietosuojaseloste\/","title":{"rendered":"Privacy policy"},"content":{"rendered":"<p>[et_pb_section fb_built=&#8221;1&#8243; admin_label=&#8221;section&#8221; _builder_version=&#8221;4.16&#8243; global_colors_info=&#8221;{}&#8221;][et_pb_row admin_label=&#8221;row&#8221; _builder_version=&#8221;4.16&#8243; background_size=&#8221;initial&#8221; background_position=&#8221;top_left&#8221; background_repeat=&#8221;repeat&#8221; global_colors_info=&#8221;{}&#8221;][et_pb_column type=&#8221;4_4&#8243; _builder_version=&#8221;4.16&#8243; custom_padding=&#8221;|||&#8221; global_colors_info=&#8221;{}&#8221; custom_padding__hover=&#8221;|||&#8221;][et_pb_text admin_label=&#8221;Text&#8221; _builder_version=&#8221;4.16&#8243; background_size=&#8221;initial&#8221; background_position=&#8221;top_left&#8221; background_repeat=&#8221;repeat&#8221; global_colors_info=&#8221;{}&#8221;]<!-- divi:heading --><\/p>\n<p>&nbsp;<\/p>\n<h2>TIETOSUOJASELOSTE<\/h2>\n<p>&nbsp;<\/p>\n<p>1. Rekisterinpit\u00e4j\u00e4 nimi:<\/p>\n<p>Marika V\u00e4nttil\u00e4<br \/>Yritys: Anfra Oy<br \/>Y-tunnus: 2679234-1<br \/>Linnunrata 14<br \/>90440 Kempele<\/p>\n<p>2. Rekisteriasioita hoitava henkil\u00f6\/yritys:<\/p>\n<p>Marika V\u00e4nttil\u00e4<br \/>044 758 3385<br \/>marika.vanttila@anfra.fi<\/p>\n<p>3. Rekisterin nimi<\/p>\n<p>Anfra Oy henkil\u00f6kontaktirekisteri<\/p>\n<p>Henkil\u00f6tietojen k\u00e4sittelyn tarkoitus<\/p>\n<p>Rekisteriss\u00e4 olevia henkil\u00f6n kontaktitietoja k\u00e4ytet\u00e4\u00e4n Anfra Oy markkinointitoimenpiteit\u00e4 ja tiedotusta varten.<\/p>\n<p>4. Rekisterin k\u00e4ytt\u00f6tarkoitus<\/p>\n<p>Ker\u00e4tt\u00e4vi\u00e4 henkil\u00f6tietoja k\u00e4ytet\u00e4\u00e4n: Asiakkaan tunnistautumiseen ja k\u00e4ytt\u00f6oikeuksienhallintaan. Rekister\u00f6ityneiden k\u00e4ytt\u00e4jien tilausten toimittamiseen ja asiakassuhteenyll\u00e4pitoon, markkinointiin sek\u00e4 kehitt\u00e4miseen.<\/p>\n<p>5. Tietojen ker\u00e4\u00e4misen ja k\u00e4sittelyn peruste<\/p>\n<p>Asiakkaan tietoja ker\u00e4t\u00e4\u00e4n ja k\u00e4sitell\u00e4\u00e4n asiakkaan suostumuksella, tai asiakkaan kanssateht\u00e4v\u00e4n sopimuksen t\u00e4yt\u00e4nt\u00f6\u00f6n panemiseksi.<\/p>\n<p>6. Rekisterin tietosis\u00e4lt\u00f6<\/p>\n<p>Yrityksen nimi, Y-Tunnus, S\u00e4hk\u00f6postiosoite, Puhelinnumero, Osoite ja Nimi.<\/p>\n<p>7. Tietojen s\u00e4ilytysaika<\/p>\n<p>Henkil\u00f6tiedot s\u00e4ilytet\u00e4\u00e4n niin kauan, kun niit\u00e4 tarvitaan asiakkaan kanssa teht\u00e4v\u00e4nsopimuksen t\u00e4yt\u00e4nt\u00f6\u00f6npanemiseksi tai asiakaspalvelun kehitt\u00e4miseksi.<\/p>\n<p>8. S\u00e4\u00e4nn\u00f6nmukaiset tietol\u00e4hteet<\/p>\n<p>Rekisteriin ker\u00e4t\u00e4\u00e4n tietoja: Henkil\u00f6lt\u00e4 itselt\u00e4\u00e4n. Viranomaisen pit\u00e4mist\u00e4 rekistereist\u00e4 lainsallimissa rajoissa (esim. ytj.fi). Tietoja ker\u00e4t\u00e4\u00e4n my\u00f6s Google Analytics \u2013analytiikkaty\u00f6kalunavulla.<\/p>\n<p>9. Tietosuojaseloste<\/p>\n<p>S\u00e4\u00e4nn\u00f6nmukaiset tietojen luovutukset ja tietojen siirto EU:n tai Euroopan talousalueenulkopuolelle. Tietoja ei s\u00e4\u00e4nn\u00f6nmukaisesti luovuteta yrityksen ulkopuolelle. Osa yrityksenk\u00e4ytt\u00e4mist\u00e4 ulkopuolisista palvelun- tai ohjelmistontarjoajista saattavat s\u00e4ilytt\u00e4\u00e4 tietoja EU:ntai Euroopan talousalueen ulkopuolella.<\/p>\n<p>10. Ev\u00e4steiden (cookies) k\u00e4ytt\u00f6<\/p>\n<p>K\u00e4yt\u00e4mme sivuillamme ns. cookie-toimintoa eli ev\u00e4steit\u00e4. Ev\u00e4ste on pieni, k\u00e4ytt\u00e4j\u00e4ntietokoneelle l\u00e4hetett\u00e4v\u00e4 ja siell\u00e4 s\u00e4ilytett\u00e4v\u00e4 tekstitiedosto, joka mahdollistaainternet-sivujen yll\u00e4pit\u00e4j\u00e4n tunnistamaan usein sivuilla vierailevat k\u00e4vij\u00e4t, helpottamaank\u00e4vij\u00f6iden kirjautumista sivuille sek\u00e4 mahdollistamaan yhdistelm\u00e4tiedon laatimisenk\u00e4vij\u00f6ist\u00e4. T\u00e4m\u00e4n palautteen avulla pystymme jatkuvasti parantamaan sivujemme sis\u00e4lt\u00f6\u00e4.Ev\u00e4steet eiv\u00e4t vahingoita k\u00e4ytt\u00e4jien tietokoneita tai tiedostoja.K\u00e4yt\u00e4mme niit\u00e4 siten, ett\u00e4 voimme tarjota asiakkaillemme kunkin yksil\u00f6ityjen tarpeiden mukaisia tietoja ja palveluita. Mik\u00e4li sivuillamme vieraileva k\u00e4ytt\u00e4j\u00e4 ei halua meid\u00e4n saavan edell\u00e4 mainittuja tietoja ev\u00e4steiden avulla, useimmat selainohjelmat mahdollistavat ev\u00e4ste-toiminnon poiskytkemisen. T\u00e4m\u00e4 tapahtuu yleens\u00e4 selaimen asetuksien kautta. On kuitenkin hyv\u00e4 ottaa huomioon se, ett\u00e4 ev\u00e4steet voivat olla tarpeellisia joidenkin yll\u00e4pit\u00e4miemme sivujen ja tarjoamiemme palveluiden asianmukaiselle toimimiselle.<\/p>\n<p>11. Rekisterin suojaus<\/p>\n<p>Tiedot siirret\u00e4\u00e4n SSL-suojatun yhteyden ylitse. S\u00e4hk\u00f6iset tiedot on suojattu palomuurilla, k\u00e4ytt\u00e4j\u00e4tunnuksin ja salasanoin. Tietojen k\u00e4ytt\u00f6oikeus on vain niill\u00e4 rekisterinpit\u00e4j\u00e4n palveluksessa olevilla henkil\u00f6ill\u00e4, jotka tarvitsevat tietoja teht\u00e4viss\u00e4\u00e4n.<\/p>\n<p>12. Automaattinen p\u00e4\u00e4t\u00f6ksenteko<\/p>\n<p>Automatisoituja yksitt\u00e4isp\u00e4\u00e4t\u00f6ksi\u00e4 (EU:n tietosuoja-asetuksen artikla 22) ei tehd\u00e4.<\/p>\n<p>13. Rekister\u00f6idyn oikeudet<\/p>\n<p>Rekister\u00f6idyll\u00e4 on oikeus tarkastaa, mit\u00e4 h\u00e4nt\u00e4 koskevia tietoja henkil\u00f6tietorekisteriin ontalletettu. Kirjallinen tarkastuspyynt\u00f6 tulee l\u00e4hett\u00e4\u00e4 allekirjoitettuna rekisteriasioistavastaavalle henkil\u00f6lle.<\/p>\n<p>Tarkastusoikeus on maksuton enint\u00e4\u00e4n kerran vuodessa toteutettuna.<\/p>\n<p>Rekister\u00f6idyll\u00e4 on oikeus vaatia virheellisten tai vanhentuneiden tietojen oikaisua tai poistamista tai tietojen siirtoa j\u00e4rjestelm\u00e4st\u00e4 toiseen. H\u00e4nell\u00e4 on my\u00f6s oikeus rajoittaa tai vastustaa tietojensa k\u00e4sittely\u00e4 EU:n tietosuoja-asetuksen artiklojen 18 ja 21 mukaisesti. Rekister\u00f6idyll\u00e4 on oikeus peruuttaa aiemmin antamansa suostumus tietojen k\u00e4sittelylle tai tehd\u00e4 henkil\u00f6tietojensa k\u00e4sittelyyn liittyvist\u00e4 seikoista valitus valvontaviranomaiselle. Rekister\u00f6idyll\u00e4 on my\u00f6s oikeus kielt\u00e4\u00e4 tietojensa k\u00e4ytt\u00f6 suoramarkkinointitarkoituksiin.<\/p>\n<p>Yhteystiedot<\/p>\n<p>Anfra Oy (Y-tunnus: 2679234-1) Kempele<br \/>Tietosuojaan liittyviin kysymyksiin vastaa tietosuojavastaava Marika V\u00e4nttil\u00e4.<br \/>S\u00e4hk\u00f6postia voi l\u00e4hett\u00e4\u00e4 osoitteeseen marika.vanttila@anfra.fi<\/p>\n<p>&nbsp;<\/p>\n<p>&nbsp;<\/p>\n<p><!-- \/divi:paragraph -->[\/et_pb_text][\/et_pb_column][\/et_pb_row][\/et_pb_section]<\/p>\n","protected":false},"excerpt":{"rendered":"<p>&nbsp; TIETOSUOJASELOSTE &nbsp; 1. Rekisterinpit\u00e4j\u00e4 nimi: Marika V\u00e4nttil\u00e4Yritys: Anfra OyY-tunnus: 2679234-1Linnunrata 1490440 Kempele 2. Rekisteriasioita hoitava henkil\u00f6\/yritys: Marika V\u00e4nttil\u00e4044 758 3385marika.vanttila@anfra.fi 3. Rekisterin nimi Anfra Oy henkil\u00f6kontaktirekisteri Henkil\u00f6tietojen k\u00e4sittelyn tarkoitus Rekisteriss\u00e4 olevia henkil\u00f6n kontaktitietoja k\u00e4ytet\u00e4\u00e4n Anfra Oy markkinointitoimenpiteit\u00e4 ja tiedotusta varten. 4. Rekisterin k\u00e4ytt\u00f6tarkoitus Ker\u00e4tt\u00e4vi\u00e4 henkil\u00f6tietoja k\u00e4ytet\u00e4\u00e4n: Asiakkaan tunnistautumiseen ja k\u00e4ytt\u00f6oikeuksienhallintaan. Rekister\u00f6ityneiden k\u00e4ytt\u00e4jien tilausten toimittamiseen [&hellip;]<\/p>\n","protected":false},"author":8,"featured_media":0,"parent":0,"menu_order":0,"comment_status":"closed","ping_status":"closed","template":"","meta":{"_et_pb_use_builder":"on","_et_pb_old_content":"<!-- wp:heading --><h2>Keit\u00e4 olemme<\/h2><!-- \/wp:heading --><!-- wp:paragraph --><p><strong class=\"privacy-policy-tutorial\">Suositeltu teksti: <\/strong>Verkkosivustomme osoite on: https:\/\/anfra-aidat.fi.<\/p><!-- \/wp:paragraph --><!-- wp:heading --><h2>Kommentit<\/h2><!-- \/wp:heading --><!-- wp:paragraph --><p><strong class=\"privacy-policy-tutorial\">Suositeltu teksti: <\/strong>Kun sivuston k\u00e4ytt\u00e4j\u00e4t j\u00e4tt\u00e4v\u00e4t kommentteja sivustolle, ker\u00e4\u00e4mme kommenttilomakkeessa olevat tiedot, sek\u00e4 k\u00e4ytt\u00e4j\u00e4n IP-osoitteen ja selaimen versiotiedot roskaviestien tunnistamisen helpottamiseksi.<\/p><!-- \/wp:paragraph --><!-- wp:paragraph --><p>Kun vierailijat j\u00e4tt\u00e4v\u00e4t kommentin t\u00e4lle sivustolle ker\u00e4\u00e4mme tiedon, joka on n\u00e4kyviss\u00e4 kommentointikentiss\u00e4, IP-osoitteen sek\u00e4 selaimen versioon liittyv\u00e4t tiedot. S\u00e4hk\u00f6postiosoitteesta luotu anonymisoitu hajautustieto (hash) voidaan l\u00e4hett\u00e4\u00e4 Gravatar-palveluun, jotta tiedet\u00e4\u00e4n onko kommentoija palvelun k\u00e4ytt\u00e4j\u00e4. Gravatar-palvelun tietosuojaseloste l\u00f6ytyy osoitteesta https:\/\/automattic.com\/privacy\/.<\/p><!-- \/wp:paragraph --><!-- wp:heading --><h2>Media<\/h2><!-- \/wp:heading --><!-- wp:paragraph --><p><strong class=\"privacy-policy-tutorial\">Suositeltu teksti: <\/strong>Mik\u00e4li lataat kuvia t\u00e4lle sivustolle, sinun tulee v\u00e4ltt\u00e4\u00e4 sellaisten kuvien lataamista, joissa on tallennettu paikkatieto (EXIF GPS). Sivuston vierailijat voivat ladata ja katsoa paikkatietoa kuvista, joita sivustolla on.<\/p><!-- \/wp:paragraph --><!-- wp:heading --><h2>Ev\u00e4steet<\/h2><!-- \/wp:heading --><!-- wp:paragraph --><p><strong class=\"privacy-policy-tutorial\">Suositeltu teksti: <\/strong>Jos j\u00e4t\u00e4t kommentin sivustolle, voit valita nimen, s\u00e4hk\u00f6postiosoitteen ja url-osoitteen tallennuksen ev\u00e4steeseen. T\u00e4m\u00e4 toiminto lis\u00e4\u00e4 k\u00e4ytt\u00f6mukavuutta, koska lomaketta ei tarvitse t\u00e4ytt\u00e4\u00e4 jokaisella kerralla uudelleen kommenttia lis\u00e4tess\u00e4. Ev\u00e4stetieto poistetaan selaimesta vuoden kuluttua.<\/p><!-- \/wp:paragraph --><!-- wp:paragraph --><p>Mik\u00e4li sinulla on tili ja kirjaudut sivustolle, asetamme v\u00e4liaikaisen ev\u00e4steen, joka p\u00e4\u00e4ttelee tukeeko selaimesi ev\u00e4steit\u00e4 vai ei. T\u00e4m\u00e4 ev\u00e4ste ei sis\u00e4ll\u00e4 henkil\u00f6tietoa ja se poistetaan kun selainikkuna suljetaan.<\/p><!-- \/wp:paragraph --><!-- wp:paragraph --><p>Kun kirjaudut sis\u00e4\u00e4n asetamme useita ev\u00e4steit\u00e4, jotka tallentavat kirjautumis- sek\u00e4 n\u00e4ytt\u00f6asetuksesi. Kirjautumisev\u00e4steet poistetaan kahden vuorokauden kuluessa, n\u00e4ytt\u00f6asetuksiin liittyv\u00e4t ev\u00e4steet poistuvat vuoden p\u00e4\u00e4st\u00e4. Mik\u00e4li valitset \u201cMuista minut\u201d kirjautumisen yhteydess\u00e4, kirjautumistietojasi s\u00e4ilytet\u00e4\u00e4n kahden viikon ajan. Mik\u00e4li kirjaudut ulos, kirjautumiseen liittyv\u00e4t ev\u00e4steet poistetaan samassa yhteydess\u00e4.<\/p><!-- \/wp:paragraph --><!-- wp:paragraph --><p>Mik\u00e4li julkaiset artikkelin tai muokkaat olemassa olevaa tallennamme selaimeen ev\u00e4steen, joka sis\u00e4lt\u00e4\u00e4 muokattavan artikkelin ID:n. Ev\u00e4ste vanhenee yhdess\u00e4 vuorokaudessa.<\/p><!-- \/wp:paragraph --><!-- wp:heading --><h2>Muilta sivustoilta upotettu sis\u00e4lt\u00f6<\/h2><!-- \/wp:heading --><!-- wp:paragraph --><p><strong class=\"privacy-policy-tutorial\">Suositeltu teksti: <\/strong>T\u00e4m\u00e4n sivuston artikkelit voivat sis\u00e4lt\u00e4\u00e4 upotettua sis\u00e4lt\u00f6\u00e4 (esimerkiksi videoita, kuvia, artikkeleita jne.). Toisilta sivustoilta tuodun upotetun sis\u00e4ll\u00f6n avaaminen on verrattavissa siihen, ett\u00e4 vierailija itse k\u00e4visi kolmannen osapuolen sivustolla.<\/p><!-- \/wp:paragraph --><!-- wp:paragraph --><p>N\u00e4m\u00e4 sivustot voivat ker\u00e4t\u00e4 tietoa sinusta, k\u00e4ytt\u00e4\u00e4 ev\u00e4steit\u00e4, upottaa kolmannen osapuolen seurantaev\u00e4steit\u00e4 ja monitoroida vuorovaikutustasi upotetun sis\u00e4ll\u00f6n kanssa, mukaan lukien vuorovaikutuksen seuranta jos ja kun olet kirjautunut k\u00e4ytt\u00e4j\u00e4n\u00e4 sivustolle.<\/p><!-- \/wp:paragraph --><!-- wp:heading --><h2>Kenelle jaamme tietosi<\/h2><!-- \/wp:heading --><!-- wp:paragraph --><p><strong class=\"privacy-policy-tutorial\">Suositeltu teksti: <\/strong>Jos pyyd\u00e4t salasanan palauttamista, IP-osoitteesi liitet\u00e4\u00e4n mukaan palautuss\u00e4hk\u00f6postiisi.<\/p><!-- \/wp:paragraph --><!-- wp:heading --><h2>Kuinka kauan s\u00e4ilyt\u00e4mme tietoa<\/h2><!-- \/wp:heading --><!-- wp:paragraph --><p><strong class=\"privacy-policy-tutorial\">Suositeltu teksti: <\/strong>Mik\u00e4li j\u00e4t\u00e4t kommentin, kommenttia ja sen metatietoa s\u00e4ilytet\u00e4\u00e4n toistaiseksi. T\u00e4m\u00e4 tehd\u00e4\u00e4n siksi, ett\u00e4 voimme tunnistaa ja hyv\u00e4ksy\u00e4 seuraavat kommentit automaattisesti sen sijaan, ett\u00e4 s\u00e4ilytt\u00e4isimme ne moderointijonossa.<\/p><!-- \/wp:paragraph --><!-- wp:paragraph --><p>Tallennamme rekister\u00f6ityneiden k\u00e4ytt\u00e4jien (jos sellaisia on) k\u00e4ytt\u00e4j\u00e4profiilien tiedot. Kaikilla k\u00e4ytt\u00e4jill\u00e4 on mahdollisuus n\u00e4hd\u00e4, muokata ja poistaa omia henkil\u00f6tietojaan milloin vain. Ainoastaan k\u00e4ytt\u00e4j\u00e4nime\u00e4 ei voi muuttaa. Verkkosivuston yll\u00e4pit\u00e4j\u00e4t voivat n\u00e4hd\u00e4 ja muokata k\u00e4ytt\u00e4j\u00e4profiilien tietoja.<\/p><!-- \/wp:paragraph --><!-- wp:heading --><h2>Mit\u00e4 oikeuksia sinulla on omaan tietoosi<\/h2><!-- \/wp:heading --><!-- wp:paragraph --><p><strong class=\"privacy-policy-tutorial\">Suositeltu teksti: <\/strong>Mik\u00e4li sinulla on k\u00e4ytt\u00e4j\u00e4tili t\u00e4lle sivustolle tai olet j\u00e4tt\u00e4nyt kommentteja, voit pyyt\u00e4\u00e4 koostetiedostoa omista henkil\u00f6tiedoistasi, sis\u00e4lt\u00e4en kaiken henkil\u00f6tiedon, jonka olet meille antanut. Voit my\u00f6s pyyt\u00e4\u00e4 henkil\u00f6tietojesi poistoa. Oikeus omien tietojen poistoon ei koske sellaista henkil\u00f6tietoa, joka meid\u00e4n on s\u00e4ilytett\u00e4v\u00e4 yll\u00e4pidollisista, juridisista tai tietoturvaan liittyvist\u00e4 syist\u00e4.<\/p><!-- \/wp:paragraph --><!-- wp:heading --><h2>Minne tietosi l\u00e4hetet\u00e4\u00e4n<\/h2><!-- \/wp:heading --><!-- wp:paragraph --><p><strong class=\"privacy-policy-tutorial\">Suositeltu teksti: <\/strong>Vierailijoiden kommentteja saatetaan tarkistaa automatisoidun roskapostiestopalvelun kautta.<\/p><!-- \/wp:paragraph -->","_et_gb_content_width":"","footnotes":""},"class_list":["post-3","page","type-page","status-publish","hentry"],"yoast_head":"<!-- This site is optimized with the Yoast SEO plugin v27.5 - https:\/\/yoast.com\/product\/yoast-seo-wordpress\/ -->\n<title>Tietosuojaseloste - Anfra-Aidat<\/title>\n<meta name=\"description\" content=\"Anfra-Aitojen verkkosivun tietosuojaseloste.\" \/>\n<meta name=\"robots\" content=\"index, follow, max-snippet:-1, max-image-preview:large, max-video-preview:-1\" \/>\n<link rel=\"canonical\" href=\"https:\/\/anfra-aidat.fi\/en\/privacy-policy\/\" \/>\n<meta property=\"og:locale\" content=\"en_US\" \/>\n<meta property=\"og:type\" content=\"article\" \/>\n<meta property=\"og:title\" content=\"Tietosuojaseloste - Anfra-Aidat\" \/>\n<meta property=\"og:description\" content=\"Anfra-Aitojen verkkosivun tietosuojaseloste.\" \/>\n<meta property=\"og:url\" content=\"https:\/\/anfra-aidat.fi\/en\/privacy-policy\/\" \/>\n<meta property=\"og:site_name\" content=\"Anfra-Aidat\" \/>\n<meta property=\"article:publisher\" content=\"https:\/\/www.facebook.com\/anfraaidat\" \/>\n<meta property=\"article:modified_time\" content=\"2024-05-08T13:01:07+00:00\" \/>\n<meta property=\"og:image\" content=\"https:\/\/anfra-aidat.fi\/wp-content\/uploads\/2024\/02\/verkkoaita.webp\" \/>\n\t<meta property=\"og:image:width\" content=\"1152\" \/>\n\t<meta property=\"og:image:height\" content=\"768\" \/>\n\t<meta property=\"og:image:type\" content=\"image\/webp\" \/>\n<meta name=\"twitter:card\" content=\"summary_large_image\" \/>\n<meta name=\"twitter:label1\" content=\"Est. reading time\" \/>\n\t<meta name=\"twitter:data1\" content=\"3 minutes\" \/>\n<script type=\"application\/ld+json\" class=\"yoast-schema-graph\">{\"@context\":\"https:\\\/\\\/schema.org\",\"@graph\":[{\"@type\":\"WebPage\",\"@id\":\"https:\\\/\\\/anfra-aidat.fi\\\/tietosuojaseloste\\\/\",\"url\":\"https:\\\/\\\/anfra-aidat.fi\\\/tietosuojaseloste\\\/\",\"name\":\"Tietosuojaseloste - Anfra-Aidat\",\"isPartOf\":{\"@id\":\"https:\\\/\\\/anfra-aidat.fi\\\/#website\"},\"datePublished\":\"2023-07-25T08:03:40+00:00\",\"dateModified\":\"2024-05-08T13:01:07+00:00\",\"description\":\"Anfra-Aitojen verkkosivun tietosuojaseloste.\",\"breadcrumb\":{\"@id\":\"https:\\\/\\\/anfra-aidat.fi\\\/tietosuojaseloste\\\/#breadcrumb\"},\"inLanguage\":\"en-US\",\"potentialAction\":[{\"@type\":\"ReadAction\",\"target\":[\"https:\\\/\\\/anfra-aidat.fi\\\/tietosuojaseloste\\\/\"]}]},{\"@type\":\"BreadcrumbList\",\"@id\":\"https:\\\/\\\/anfra-aidat.fi\\\/tietosuojaseloste\\\/#breadcrumb\",\"itemListElement\":[{\"@type\":\"ListItem\",\"position\":1,\"name\":\"Etusivu\",\"item\":\"https:\\\/\\\/anfra-aidat.fi\\\/\"},{\"@type\":\"ListItem\",\"position\":2,\"name\":\"Tietosuojaseloste\"}]},{\"@type\":\"WebSite\",\"@id\":\"https:\\\/\\\/anfra-aidat.fi\\\/#website\",\"url\":\"https:\\\/\\\/anfra-aidat.fi\\\/\",\"name\":\"Anfra-Aidat\",\"description\":\"Anfra-Aidat - A-luokan aluesuojausta\",\"publisher\":{\"@id\":\"https:\\\/\\\/anfra-aidat.fi\\\/#organization\"},\"potentialAction\":[{\"@type\":\"SearchAction\",\"target\":{\"@type\":\"EntryPoint\",\"urlTemplate\":\"https:\\\/\\\/anfra-aidat.fi\\\/?s={search_term_string}\"},\"query-input\":{\"@type\":\"PropertyValueSpecification\",\"valueRequired\":true,\"valueName\":\"search_term_string\"}}],\"inLanguage\":\"en-US\"},{\"@type\":\"Organization\",\"@id\":\"https:\\\/\\\/anfra-aidat.fi\\\/#organization\",\"name\":\"Anfra-Aidat Oy\",\"url\":\"https:\\\/\\\/anfra-aidat.fi\\\/\",\"logo\":{\"@type\":\"ImageObject\",\"inLanguage\":\"en-US\",\"@id\":\"https:\\\/\\\/anfra-aidat.fi\\\/#\\\/schema\\\/logo\\\/image\\\/\",\"url\":\"https:\\\/\\\/anfra-aidat.fi\\\/wp-content\\\/uploads\\\/2024\\\/04\\\/Anfra-Aidat-A-logo-1.webp\",\"contentUrl\":\"https:\\\/\\\/anfra-aidat.fi\\\/wp-content\\\/uploads\\\/2024\\\/04\\\/Anfra-Aidat-A-logo-1.webp\",\"width\":800,\"height\":800,\"caption\":\"Anfra-Aidat Oy\"},\"image\":{\"@id\":\"https:\\\/\\\/anfra-aidat.fi\\\/#\\\/schema\\\/logo\\\/image\\\/\"},\"sameAs\":[\"https:\\\/\\\/www.facebook.com\\\/anfraaidat\",\"https:\\\/\\\/www.linkedin.com\\\/company\\\/anfra-aidat-oy\\\/\"]}]}<\/script>\n<!-- \/ Yoast SEO plugin. -->","yoast_head_json":{"title":"Privacy Policy - Anfra-Aidat","description":"Privacy policy of the Anfra-Mothers website.","robots":{"index":"index","follow":"follow","max-snippet":"max-snippet:-1","max-image-preview":"max-image-preview:large","max-video-preview":"max-video-preview:-1"},"canonical":"https:\/\/anfra-aidat.fi\/en\/privacy-policy\/","og_locale":"en_US","og_type":"article","og_title":"Tietosuojaseloste - Anfra-Aidat","og_description":"Anfra-Aitojen verkkosivun tietosuojaseloste.","og_url":"https:\/\/anfra-aidat.fi\/en\/privacy-policy\/","og_site_name":"Anfra-Aidat","article_publisher":"https:\/\/www.facebook.com\/anfraaidat","article_modified_time":"2024-05-08T13:01:07+00:00","og_image":[{"width":1152,"height":768,"url":"https:\/\/anfra-aidat.fi\/wp-content\/uploads\/2024\/02\/verkkoaita.webp","type":"image\/webp"}],"twitter_card":"summary_large_image","twitter_misc":{"Est. reading time":"3 minutes"},"schema":{"@context":"https:\/\/schema.org","@graph":[{"@type":"WebPage","@id":"https:\/\/anfra-aidat.fi\/tietosuojaseloste\/","url":"https:\/\/anfra-aidat.fi\/tietosuojaseloste\/","name":"Privacy Policy - Anfra-Aidat","isPartOf":{"@id":"https:\/\/anfra-aidat.fi\/#website"},"datePublished":"2023-07-25T08:03:40+00:00","dateModified":"2024-05-08T13:01:07+00:00","description":"Privacy policy of the Anfra-Mothers website.","breadcrumb":{"@id":"https:\/\/anfra-aidat.fi\/tietosuojaseloste\/#breadcrumb"},"inLanguage":"en-US","potentialAction":[{"@type":"ReadAction","target":["https:\/\/anfra-aidat.fi\/tietosuojaseloste\/"]}]},{"@type":"BreadcrumbList","@id":"https:\/\/anfra-aidat.fi\/tietosuojaseloste\/#breadcrumb","itemListElement":[{"@type":"ListItem","position":1,"name":"Etusivu","item":"https:\/\/anfra-aidat.fi\/"},{"@type":"ListItem","position":2,"name":"Tietosuojaseloste"}]},{"@type":"WebSite","@id":"https:\/\/anfra-aidat.fi\/#website","url":"https:\/\/anfra-aidat.fi\/","name":"Anfra Fences","description":"Anfra-Fences - Class A area protection","publisher":{"@id":"https:\/\/anfra-aidat.fi\/#organization"},"potentialAction":[{"@type":"SearchAction","target":{"@type":"EntryPoint","urlTemplate":"https:\/\/anfra-aidat.fi\/?s={search_term_string}"},"query-input":{"@type":"PropertyValueSpecification","valueRequired":true,"valueName":"search_term_string"}}],"inLanguage":"en-US"},{"@type":"Organization","@id":"https:\/\/anfra-aidat.fi\/#organization","name":"Anfra-Aidat Oy","url":"https:\/\/anfra-aidat.fi\/","logo":{"@type":"ImageObject","inLanguage":"en-US","@id":"https:\/\/anfra-aidat.fi\/#\/schema\/logo\/image\/","url":"https:\/\/anfra-aidat.fi\/wp-content\/uploads\/2024\/04\/Anfra-Aidat-A-logo-1.webp","contentUrl":"https:\/\/anfra-aidat.fi\/wp-content\/uploads\/2024\/04\/Anfra-Aidat-A-logo-1.webp","width":800,"height":800,"caption":"Anfra-Aidat Oy"},"image":{"@id":"https:\/\/anfra-aidat.fi\/#\/schema\/logo\/image\/"},"sameAs":["https:\/\/www.facebook.com\/anfraaidat","https:\/\/www.linkedin.com\/company\/anfra-aidat-oy\/"]}]}},"_links":{"self":[{"href":"https:\/\/anfra-aidat.fi\/en\/wp-json\/wp\/v2\/pages\/3","targetHints":{"allow":["GET"]}}],"collection":[{"href":"https:\/\/anfra-aidat.fi\/en\/wp-json\/wp\/v2\/pages"}],"about":[{"href":"https:\/\/anfra-aidat.fi\/en\/wp-json\/wp\/v2\/types\/page"}],"author":[{"embeddable":true,"href":"https:\/\/anfra-aidat.fi\/en\/wp-json\/wp\/v2\/users\/8"}],"replies":[{"embeddable":true,"href":"https:\/\/anfra-aidat.fi\/en\/wp-json\/wp\/v2\/comments?post=3"}],"version-history":[{"count":3,"href":"https:\/\/anfra-aidat.fi\/en\/wp-json\/wp\/v2\/pages\/3\/revisions"}],"predecessor-version":[{"id":2091,"href":"https:\/\/anfra-aidat.fi\/en\/wp-json\/wp\/v2\/pages\/3\/revisions\/2091"}],"wp:attachment":[{"href":"https:\/\/anfra-aidat.fi\/en\/wp-json\/wp\/v2\/media?parent=3"}],"curies":[{"name":"wp","href":"https:\/\/api.w.org\/{rel}","templated":true}]}}